{"id":22,"date":"2021-07-27T11:18:08","date_gmt":"2021-07-27T14:18:08","guid":{"rendered":"https:\/\/www.aliancasecia.com.br\/site\/?page_id=22"},"modified":"2021-08-02T11:23:03","modified_gmt":"2021-08-02T14:23:03","slug":"dicas","status":"publish","type":"page","link":"https:\/\/www.aliancasecia.com.br\/site\/dicas\/","title":{"rendered":"Dicas"},"content":{"rendered":"\t\t<div data-elementor-type=\"wp-page\" data-elementor-id=\"22\" class=\"elementor elementor-22\" data-elementor-post-type=\"page\">\n\t\t\t\t\t\t<section class=\"elementor-section elementor-top-section elementor-element elementor-element-608c654 elementor-section-boxed elementor-section-height-default elementor-section-height-default\" data-id=\"608c654\" data-element_type=\"section\" data-settings=\"{&quot;_ha_eqh_enable&quot;:false}\">\n\t\t\t\t\t\t<div class=\"elementor-container elementor-column-gap-default\">\n\t\t\t\t\t<div class=\"elementor-column elementor-col-100 elementor-top-column elementor-element elementor-element-cdc397f\" data-id=\"cdc397f\" data-element_type=\"column\">\n\t\t\t<div class=\"elementor-widget-wrap elementor-element-populated\">\n\t\t\t\t\t\t<div class=\"elementor-element elementor-element-539ea62 elementor-widget elementor-widget-heading\" data-id=\"539ea62\" data-element_type=\"widget\" data-widget_type=\"heading.default\">\n\t\t\t\t<div class=\"elementor-widget-container\">\n\t\t\t<h1 class=\"elementor-heading-title elementor-size-default\">Veja nossas Dicas<\/h1>\t\t<\/div>\n\t\t\t\t<\/div>\n\t\t\t\t\t<\/div>\n\t\t<\/div>\n\t\t\t\t\t<\/div>\n\t\t<\/section>\n\t\t\t\t<section class=\"elementor-section elementor-top-section elementor-element elementor-element-3fdf15b elementor-section-boxed elementor-section-height-default elementor-section-height-default\" data-id=\"3fdf15b\" data-element_type=\"section\" data-settings=\"{&quot;_ha_eqh_enable&quot;:false}\">\n\t\t\t\t\t\t<div class=\"elementor-container elementor-column-gap-default\">\n\t\t\t\t\t<div class=\"elementor-column elementor-col-100 elementor-top-column elementor-element elementor-element-6928cff\" data-id=\"6928cff\" data-element_type=\"column\">\n\t\t\t<div class=\"elementor-widget-wrap elementor-element-populated\">\n\t\t\t\t\t\t<div class=\"elementor-element elementor-element-139526e elementor-grid-3 elementor-grid-tablet-2 elementor-grid-mobile-1 elementor-posts--thumbnail-top elementor-widget elementor-widget-posts\" data-id=\"139526e\" data-element_type=\"widget\" data-settings=\"{&quot;classic_columns&quot;:&quot;3&quot;,&quot;classic_columns_tablet&quot;:&quot;2&quot;,&quot;classic_columns_mobile&quot;:&quot;1&quot;,&quot;classic_row_gap&quot;:{&quot;unit&quot;:&quot;px&quot;,&quot;size&quot;:35,&quot;sizes&quot;:[]},&quot;classic_row_gap_tablet&quot;:{&quot;unit&quot;:&quot;px&quot;,&quot;size&quot;:&quot;&quot;,&quot;sizes&quot;:[]},&quot;classic_row_gap_mobile&quot;:{&quot;unit&quot;:&quot;px&quot;,&quot;size&quot;:&quot;&quot;,&quot;sizes&quot;:[]}}\" data-widget_type=\"posts.classic\">\n\t\t\t\t<div class=\"elementor-widget-container\">\n\t\t\t\t\t<div class=\"elementor-posts-container elementor-posts elementor-posts--skin-classic elementor-grid\">\n\t\t\t\t<article class=\"elementor-post elementor-grid-item post-721 post type-post status-publish format-standard has-post-thumbnail hentry category-dicas\">\n\t\t\t\t<a class=\"elementor-post__thumbnail__link\" href=\"https:\/\/www.aliancasecia.com.br\/site\/aliancas-e-ouro-ou-prata\/\" tabindex=\"-1\" >\n\t\t\t<div class=\"elementor-post__thumbnail\"><img fetchpriority=\"high\" decoding=\"async\" width=\"300\" height=\"200\" src=\"https:\/\/www.aliancasecia.com.br\/site\/wp-content\/uploads\/2021\/08\/site-ritual-aliancas-300x200.jpg\" class=\"attachment-medium size-medium wp-image-722\" alt=\"\" srcset=\"https:\/\/www.aliancasecia.com.br\/site\/wp-content\/uploads\/2021\/08\/site-ritual-aliancas-300x200.jpg 300w, https:\/\/www.aliancasecia.com.br\/site\/wp-content\/uploads\/2021\/08\/site-ritual-aliancas-768x512.jpg 768w, https:\/\/www.aliancasecia.com.br\/site\/wp-content\/uploads\/2021\/08\/site-ritual-aliancas-600x400.jpg 600w, https:\/\/www.aliancasecia.com.br\/site\/wp-content\/uploads\/2021\/08\/site-ritual-aliancas.jpg 800w\" sizes=\"(max-width: 300px) 100vw, 300px\" \/><\/div>\n\t\t<\/a>\n\t\t\t\t<div class=\"elementor-post__text\">\n\t\t\t\t<h3 class=\"elementor-post__title\">\n\t\t\t<a href=\"https:\/\/www.aliancasecia.com.br\/site\/aliancas-e-ouro-ou-prata\/\" >\n\t\t\t\tAlian\u00e7as e ouro ou prata?\t\t\t<\/a>\n\t\t<\/h3>\n\t\t\t\t<div class=\"elementor-post__excerpt\">\n\t\t\t<p>As alian\u00e7as n\u00e3o precisam ser obrigatoriamente de ouro, por\u00e9m, como se pretende que o casal as use o tempo todo, o mais recomendado \u00e9 sempre<\/p>\n\t\t<\/div>\n\t\t\n\t\t<a class=\"elementor-post__read-more\" href=\"https:\/\/www.aliancasecia.com.br\/site\/aliancas-e-ouro-ou-prata\/\" aria-label=\"Read more about Alian\u00e7as e ouro ou prata?\" tabindex=\"-1\" >\n\t\t\tLer mais \u00bb\t\t<\/a>\n\n\t\t\t\t<\/div>\n\t\t\t\t<\/article>\n\t\t\t\t<article class=\"elementor-post elementor-grid-item post-718 post type-post status-publish format-standard has-post-thumbnail hentry category-dicas\">\n\t\t\t\t<a class=\"elementor-post__thumbnail__link\" href=\"https:\/\/www.aliancasecia.com.br\/site\/porque-usar-alianca-de-casamento-na-mao-esquerda\/\" tabindex=\"-1\" >\n\t\t\t<div class=\"elementor-post__thumbnail\"><img decoding=\"async\" width=\"300\" height=\"200\" src=\"https:\/\/www.aliancasecia.com.br\/site\/wp-content\/uploads\/2021\/08\/site-alianca-mao-esquerda-300x200.jpg\" class=\"attachment-medium size-medium wp-image-719\" alt=\"Alian\u00e7a na m\u00e3o esquerda\" srcset=\"https:\/\/www.aliancasecia.com.br\/site\/wp-content\/uploads\/2021\/08\/site-alianca-mao-esquerda-300x200.jpg 300w, https:\/\/www.aliancasecia.com.br\/site\/wp-content\/uploads\/2021\/08\/site-alianca-mao-esquerda-768x512.jpg 768w, https:\/\/www.aliancasecia.com.br\/site\/wp-content\/uploads\/2021\/08\/site-alianca-mao-esquerda-600x400.jpg 600w, https:\/\/www.aliancasecia.com.br\/site\/wp-content\/uploads\/2021\/08\/site-alianca-mao-esquerda.jpg 800w\" sizes=\"(max-width: 300px) 100vw, 300px\" \/><\/div>\n\t\t<\/a>\n\t\t\t\t<div class=\"elementor-post__text\">\n\t\t\t\t<h3 class=\"elementor-post__title\">\n\t\t\t<a href=\"https:\/\/www.aliancasecia.com.br\/site\/porque-usar-alianca-de-casamento-na-mao-esquerda\/\" >\n\t\t\t\tPorque usar alian\u00e7a de casamento na m\u00e3o esquerda?\t\t\t<\/a>\n\t\t<\/h3>\n\t\t\t\t<div class=\"elementor-post__excerpt\">\n\t\t\t<p>Os eg\u00edpcios, por volta de 2800 a.C., j\u00e1 usavam um anel para simbolizar o la\u00e7o matrimonial. Para eles, um c\u00edrculo, n\u00e3o tendo come\u00e7o nem fim,<\/p>\n\t\t<\/div>\n\t\t\n\t\t<a class=\"elementor-post__read-more\" href=\"https:\/\/www.aliancasecia.com.br\/site\/porque-usar-alianca-de-casamento-na-mao-esquerda\/\" aria-label=\"Read more about Porque usar alian\u00e7a de casamento na m\u00e3o esquerda?\" tabindex=\"-1\" >\n\t\t\tLer mais \u00bb\t\t<\/a>\n\n\t\t\t\t<\/div>\n\t\t\t\t<\/article>\n\t\t\t\t<article class=\"elementor-post elementor-grid-item post-714 post type-post status-publish format-standard has-post-thumbnail hentry category-dicas\">\n\t\t\t\t<a class=\"elementor-post__thumbnail__link\" href=\"https:\/\/www.aliancasecia.com.br\/site\/cuidados-com-sua-alianca\/\" tabindex=\"-1\" >\n\t\t\t<div class=\"elementor-post__thumbnail\"><img decoding=\"async\" width=\"300\" height=\"200\" src=\"https:\/\/www.aliancasecia.com.br\/site\/wp-content\/uploads\/2021\/08\/site-aliancas-300x200.jpg\" class=\"attachment-medium size-medium wp-image-716\" alt=\"Cuidados com a alian\u00e7a\" srcset=\"https:\/\/www.aliancasecia.com.br\/site\/wp-content\/uploads\/2021\/08\/site-aliancas-300x200.jpg 300w, https:\/\/www.aliancasecia.com.br\/site\/wp-content\/uploads\/2021\/08\/site-aliancas-768x512.jpg 768w, https:\/\/www.aliancasecia.com.br\/site\/wp-content\/uploads\/2021\/08\/site-aliancas-600x400.jpg 600w, https:\/\/www.aliancasecia.com.br\/site\/wp-content\/uploads\/2021\/08\/site-aliancas.jpg 800w\" sizes=\"(max-width: 300px) 100vw, 300px\" \/><\/div>\n\t\t<\/a>\n\t\t\t\t<div class=\"elementor-post__text\">\n\t\t\t\t<h3 class=\"elementor-post__title\">\n\t\t\t<a href=\"https:\/\/www.aliancasecia.com.br\/site\/cuidados-com-sua-alianca\/\" >\n\t\t\t\tCuidados com sua alian\u00e7a\t\t\t<\/a>\n\t\t<\/h3>\n\t\t\t\t<div class=\"elementor-post__excerpt\">\n\t\t\t<p>Com as joias de prata pode acontecer uma mudan\u00e7a de cor com o decorrer do tempo. Este fen\u00f4meno \u00e9 chamado de oxida\u00e7\u00e3o (escurecimento da joia).<\/p>\n\t\t<\/div>\n\t\t\n\t\t<a class=\"elementor-post__read-more\" href=\"https:\/\/www.aliancasecia.com.br\/site\/cuidados-com-sua-alianca\/\" aria-label=\"Read more about Cuidados com sua alian\u00e7a\" tabindex=\"-1\" >\n\t\t\tLer mais \u00bb\t\t<\/a>\n\n\t\t\t\t<\/div>\n\t\t\t\t<\/article>\n\t\t\t\t<\/div>\n\t\t\n\t\t\t\t<\/div>\n\t\t\t\t<\/div>\n\t\t\t\t\t<\/div>\n\t\t<\/div>\n\t\t\t\t\t<\/div>\n\t\t<\/section>\n\t\t\t\t<\/div>\n\t\t","protected":false},"excerpt":{"rendered":"<p>Veja nossas Dicas<\/p>\n","protected":false},"author":1,"featured_media":0,"parent":0,"menu_order":0,"comment_status":"closed","ping_status":"closed","template":"elementor_header_footer","meta":{"footnotes":""},"class_list":["post-22","page","type-page","status-publish","hentry"],"_links":{"self":[{"href":"https:\/\/www.aliancasecia.com.br\/site\/wp-json\/wp\/v2\/pages\/22","targetHints":{"allow":["GET"]}}],"collection":[{"href":"https:\/\/www.aliancasecia.com.br\/site\/wp-json\/wp\/v2\/pages"}],"about":[{"href":"https:\/\/www.aliancasecia.com.br\/site\/wp-json\/wp\/v2\/types\/page"}],"author":[{"embeddable":true,"href":"https:\/\/www.aliancasecia.com.br\/site\/wp-json\/wp\/v2\/users\/1"}],"replies":[{"embeddable":true,"href":"https:\/\/www.aliancasecia.com.br\/site\/wp-json\/wp\/v2\/comments?post=22"}],"version-history":[{"count":19,"href":"https:\/\/www.aliancasecia.com.br\/site\/wp-json\/wp\/v2\/pages\/22\/revisions"}],"predecessor-version":[{"id":741,"href":"https:\/\/www.aliancasecia.com.br\/site\/wp-json\/wp\/v2\/pages\/22\/revisions\/741"}],"wp:attachment":[{"href":"https:\/\/www.aliancasecia.com.br\/site\/wp-json\/wp\/v2\/media?parent=22"}],"curies":[{"name":"wp","href":"https:\/\/api.w.org\/{rel}","templated":true}]}}