{"id":20,"date":"2021-07-27T11:16:57","date_gmt":"2021-07-27T14:16:57","guid":{"rendered":"https:\/\/www.aliancasecia.com.br\/site\/?page_id=20"},"modified":"2023-05-20T10:35:30","modified_gmt":"2023-05-20T13:35:30","slug":"nossas-lojas","status":"publish","type":"page","link":"https:\/\/www.aliancasecia.com.br\/site\/nossas-lojas\/","title":{"rendered":"Nossas Lojas"},"content":{"rendered":"\t\t<div data-elementor-type=\"wp-page\" data-elementor-id=\"20\" class=\"elementor elementor-20\" data-elementor-post-type=\"page\">\n\t\t\t\t\t\t<section class=\"elementor-section elementor-top-section elementor-element elementor-element-efcfb00 elementor-section-boxed elementor-section-height-default elementor-section-height-default\" data-id=\"efcfb00\" data-element_type=\"section\" data-settings=\"{&quot;_ha_eqh_enable&quot;:false}\">\n\t\t\t\t\t\t<div class=\"elementor-container elementor-column-gap-default\">\n\t\t\t\t\t<div class=\"elementor-column elementor-col-100 elementor-top-column elementor-element elementor-element-4f7bbb2\" data-id=\"4f7bbb2\" data-element_type=\"column\">\n\t\t\t<div class=\"elementor-widget-wrap elementor-element-populated\">\n\t\t\t\t\t\t<div class=\"elementor-element elementor-element-9047ba4 elementor-widget elementor-widget-heading\" data-id=\"9047ba4\" data-element_type=\"widget\" data-widget_type=\"heading.default\">\n\t\t\t\t<div class=\"elementor-widget-container\">\n\t\t\t<h1 class=\"elementor-heading-title elementor-size-default\">Nossas Lojas<\/h1>\t\t<\/div>\n\t\t\t\t<\/div>\n\t\t\t\t\t<\/div>\n\t\t<\/div>\n\t\t\t\t\t<\/div>\n\t\t<\/section>\n\t\t\t\t<section class=\"elementor-section elementor-top-section elementor-element elementor-element-526e84e elementor-section-boxed elementor-section-height-default elementor-section-height-default\" data-id=\"526e84e\" data-element_type=\"section\" data-settings=\"{&quot;_ha_eqh_enable&quot;:false}\">\n\t\t\t\t\t\t<div class=\"elementor-container elementor-column-gap-default\">\n\t\t\t\t\t<div class=\"elementor-column elementor-col-50 elementor-top-column elementor-element elementor-element-0a2b86d\" data-id=\"0a2b86d\" data-element_type=\"column\">\n\t\t\t<div class=\"elementor-widget-wrap elementor-element-populated\">\n\t\t\t\t\t\t<div class=\"elementor-element elementor-element-c029585 elementor-widget elementor-widget-image\" data-id=\"c029585\" data-element_type=\"widget\" data-widget_type=\"image.default\">\n\t\t\t\t<div class=\"elementor-widget-container\">\n\t\t\t\t\t\t\t\t\t\t\t\t\t<img fetchpriority=\"high\" decoding=\"async\" width=\"257\" height=\"300\" src=\"https:\/\/www.aliancasecia.com.br\/site\/wp-content\/uploads\/2021\/10\/loja-257x300.png\" class=\"attachment-medium size-medium wp-image-1271\" alt=\"\" srcset=\"https:\/\/www.aliancasecia.com.br\/site\/wp-content\/uploads\/2021\/10\/loja-257x300.png 257w, https:\/\/www.aliancasecia.com.br\/site\/wp-content\/uploads\/2021\/10\/loja.png 419w\" sizes=\"(max-width: 257px) 100vw, 257px\" \/>\t\t\t\t\t\t\t\t\t\t\t\t\t<\/div>\n\t\t\t\t<\/div>\n\t\t\t\t\t<\/div>\n\t\t<\/div>\n\t\t\t\t<div class=\"elementor-column elementor-col-50 elementor-top-column elementor-element elementor-element-0a59412\" data-id=\"0a59412\" data-element_type=\"column\">\n\t\t\t<div class=\"elementor-widget-wrap elementor-element-populated\">\n\t\t\t\t\t\t<div class=\"elementor-element elementor-element-b349740 elementor-widget elementor-widget-text-editor\" data-id=\"b349740\" data-element_type=\"widget\" data-widget_type=\"text-editor.default\">\n\t\t\t\t<div class=\"elementor-widget-container\">\n\t\t\t\t\t\t\t<p>Bem-vindo \u00e0 Alian\u00e7as &amp; Cia, sua joalheria especializada em alian\u00e7as de ouro, prata e moedas antigas. Com sede em Bras\u00edlia e fundada h\u00e1 16 anos, temos o prazer de oferecer a voc\u00ea uma sele\u00e7\u00e3o excepcional de joias para simbolizar momentos especiais e eternizar o amor.<\/p><p>Nossa empresa \u00e9 conhecida por sua qualidade impec\u00e1vel e atendimento personalizado. Cada alian\u00e7a \u00e9 cuidadosamente projetada e confeccionada por nossos habilidosos artes\u00e3os, que combinam tradi\u00e7\u00e3o e inova\u00e7\u00e3o para criar pe\u00e7as \u00fanicas.<\/p><p>Na Alian\u00e7as &amp; Cia, entendemos a import\u00e2ncia das alian\u00e7as como s\u00edmbolo de compromisso e uni\u00e3o. Por isso, trabalhamos com materiais nobres e preciosos, garantindo a durabilidade e beleza de cada pe\u00e7a. Al\u00e9m disso, nossa variedade de estilos e designs permite que voc\u00ea encontre a alian\u00e7a perfeita para expressar seu estilo e personalidade.<\/p><p>Em nossa empresa, a satisfa\u00e7\u00e3o do cliente est\u00e1 no centro de tudo o que fazemos. Nossa equipe est\u00e1 pronta para auxili\u00e1-lo na escolha da joia perfeita, oferecendo orienta\u00e7\u00e3o especializada e um atendimento atencioso. Nosso compromisso \u00e9 proporcionar a voc\u00ea uma experi\u00eancia memor\u00e1vel, tornando seus momentos especiais ainda mais brilhantes.<\/p><p>Visite alguma de nossas lojas:<\/p>\t\t\t\t\t\t<\/div>\n\t\t\t\t<\/div>\n\t\t\t\t\t<\/div>\n\t\t<\/div>\n\t\t\t\t\t<\/div>\n\t\t<\/section>\n\t\t\t\t<section class=\"elementor-section elementor-top-section elementor-element elementor-element-900c76b elementor-section-boxed elementor-section-height-default elementor-section-height-default\" data-id=\"900c76b\" data-element_type=\"section\" data-settings=\"{&quot;_ha_eqh_enable&quot;:false}\">\n\t\t\t\t\t\t<div class=\"elementor-container elementor-column-gap-default\">\n\t\t\t\t\t<div class=\"elementor-column elementor-col-50 elementor-top-column elementor-element elementor-element-0932b02\" data-id=\"0932b02\" data-element_type=\"column\">\n\t\t\t<div class=\"elementor-widget-wrap elementor-element-populated\">\n\t\t\t\t\t\t<div class=\"elementor-element elementor-element-ef45a47 elementor-widget elementor-widget-heading\" data-id=\"ef45a47\" data-element_type=\"widget\" data-widget_type=\"heading.default\">\n\t\t\t\t<div class=\"elementor-widget-container\">\n\t\t\t<h3 class=\"elementor-heading-title elementor-size-default\"><a href=\"http:\/\/taguatinga.aliancasecia.com.br\" target=\"_blank\">Taguatinga - DF<\/a><\/h3>\t\t<\/div>\n\t\t\t\t<\/div>\n\t\t\t\t\t<\/div>\n\t\t<\/div>\n\t\t\t\t<div class=\"elementor-column elementor-col-50 elementor-top-column elementor-element elementor-element-2d821b4\" data-id=\"2d821b4\" data-element_type=\"column\">\n\t\t\t<div class=\"elementor-widget-wrap elementor-element-populated\">\n\t\t\t\t\t\t<div class=\"elementor-element elementor-element-48e7d2e elementor-widget elementor-widget-heading\" data-id=\"48e7d2e\" data-element_type=\"widget\" data-widget_type=\"heading.default\">\n\t\t\t\t<div class=\"elementor-widget-container\">\n\t\t\t<h3 class=\"elementor-heading-title elementor-size-default\"><a href=\"http:\/\/venancio.aliancasecia.com.br\" target=\"_blank\">Asa Sul ( Ven\u00e2ncio ) - DF<\/a><\/h3>\t\t<\/div>\n\t\t\t\t<\/div>\n\t\t\t\t\t<\/div>\n\t\t<\/div>\n\t\t\t\t\t<\/div>\n\t\t<\/section>\n\t\t\t\t<section class=\"elementor-section elementor-top-section elementor-element elementor-element-5c8481b elementor-section-boxed elementor-section-height-default elementor-section-height-default\" data-id=\"5c8481b\" data-element_type=\"section\" data-settings=\"{&quot;_ha_eqh_enable&quot;:false}\">\n\t\t\t\t\t\t<div class=\"elementor-container elementor-column-gap-default\">\n\t\t\t\t\t<div class=\"elementor-column elementor-col-50 elementor-top-column elementor-element elementor-element-3ef8f6f\" data-id=\"3ef8f6f\" data-element_type=\"column\">\n\t\t\t<div class=\"elementor-widget-wrap elementor-element-populated\">\n\t\t\t\t\t\t<div class=\"elementor-element elementor-element-82f086c elementor-widget elementor-widget-heading\" data-id=\"82f086c\" data-element_type=\"widget\" data-widget_type=\"heading.default\">\n\t\t\t\t<div class=\"elementor-widget-container\">\n\t\t\t<h3 class=\"elementor-heading-title elementor-size-default\"><a href=\"http:\/\/valparaiso.aliancasecia.com.br\" target=\"_blank\">Valpara\u00edso de Goi\u00e1s - GO<\/a><\/h3>\t\t<\/div>\n\t\t\t\t<\/div>\n\t\t\t\t\t<\/div>\n\t\t<\/div>\n\t\t\t\t<div class=\"elementor-column elementor-col-50 elementor-top-column elementor-element elementor-element-47071e3\" data-id=\"47071e3\" data-element_type=\"column\">\n\t\t\t<div class=\"elementor-widget-wrap elementor-element-populated\">\n\t\t\t\t\t\t<div class=\"elementor-element elementor-element-3becacd elementor-widget elementor-widget-heading\" data-id=\"3becacd\" data-element_type=\"widget\" data-widget_type=\"heading.default\">\n\t\t\t\t<div class=\"elementor-widget-container\">\n\t\t\t<h3 class=\"elementor-heading-title elementor-size-default\"><a href=\"http:\/\/mangabeirajpa.aliancasecia.com.br\" target=\"_blank\">Jo\u00e3o Pessoa - PB<\/a><\/h3>\t\t<\/div>\n\t\t\t\t<\/div>\n\t\t\t\t\t<\/div>\n\t\t<\/div>\n\t\t\t\t\t<\/div>\n\t\t<\/section>\n\t\t\t\t<section class=\"elementor-section elementor-top-section elementor-element elementor-element-79a08c6 elementor-section-boxed elementor-section-height-default elementor-section-height-default\" data-id=\"79a08c6\" data-element_type=\"section\" data-settings=\"{&quot;_ha_eqh_enable&quot;:false}\">\n\t\t\t\t\t\t<div class=\"elementor-container elementor-column-gap-default\">\n\t\t\t\t\t<div class=\"elementor-column elementor-col-100 elementor-top-column elementor-element elementor-element-fa4de15\" data-id=\"fa4de15\" data-element_type=\"column\">\n\t\t\t<div class=\"elementor-widget-wrap elementor-element-populated\">\n\t\t\t\t\t\t<div class=\"elementor-element elementor-element-6558eaa elementor-widget elementor-widget-spacer\" data-id=\"6558eaa\" data-element_type=\"widget\" data-widget_type=\"spacer.default\">\n\t\t\t\t<div class=\"elementor-widget-container\">\n\t\t\t\t\t<div class=\"elementor-spacer\">\n\t\t\t<div class=\"elementor-spacer-inner\"><\/div>\n\t\t<\/div>\n\t\t\t\t<\/div>\n\t\t\t\t<\/div>\n\t\t\t\t\t<\/div>\n\t\t<\/div>\n\t\t\t\t\t<\/div>\n\t\t<\/section>\n\t\t\t\t<\/div>\n\t\t","protected":false},"excerpt":{"rendered":"<p>Nossas Lojas Bem-vindo \u00e0 Alian\u00e7as &amp; Cia, sua joalheria especializada em alian\u00e7as de ouro, prata e moedas antigas. Com sede em Bras\u00edlia e fundada h\u00e1 16 anos, temos o prazer de oferecer a voc\u00ea uma sele\u00e7\u00e3o excepcional de joias para simbolizar momentos especiais e eternizar o amor. Nossa empresa \u00e9 conhecida por sua qualidade impec\u00e1vel &hellip;<\/p>\n<p class=\"read-more\"> <a class=\"\" href=\"https:\/\/www.aliancasecia.com.br\/site\/nossas-lojas\/\"> <span class=\"screen-reader-text\">Nossas Lojas<\/span> Leia mais &raquo;<\/a><\/p>\n","protected":false},"author":1,"featured_media":0,"parent":0,"menu_order":0,"comment_status":"closed","ping_status":"closed","template":"elementor_header_footer","meta":{"footnotes":""},"class_list":["post-20","page","type-page","status-publish","hentry"],"_links":{"self":[{"href":"https:\/\/www.aliancasecia.com.br\/site\/wp-json\/wp\/v2\/pages\/20","targetHints":{"allow":["GET"]}}],"collection":[{"href":"https:\/\/www.aliancasecia.com.br\/site\/wp-json\/wp\/v2\/pages"}],"about":[{"href":"https:\/\/www.aliancasecia.com.br\/site\/wp-json\/wp\/v2\/types\/page"}],"author":[{"embeddable":true,"href":"https:\/\/www.aliancasecia.com.br\/site\/wp-json\/wp\/v2\/users\/1"}],"replies":[{"embeddable":true,"href":"https:\/\/www.aliancasecia.com.br\/site\/wp-json\/wp\/v2\/comments?post=20"}],"version-history":[{"count":31,"href":"https:\/\/www.aliancasecia.com.br\/site\/wp-json\/wp\/v2\/pages\/20\/revisions"}],"predecessor-version":[{"id":1455,"href":"https:\/\/www.aliancasecia.com.br\/site\/wp-json\/wp\/v2\/pages\/20\/revisions\/1455"}],"wp:attachment":[{"href":"https:\/\/www.aliancasecia.com.br\/site\/wp-json\/wp\/v2\/media?parent=20"}],"curies":[{"name":"wp","href":"https:\/\/api.w.org\/{rel}","templated":true}]}}